{"id":1175,"date":"2022-11-24T05:57:02","date_gmt":"2022-11-24T04:57:02","guid":{"rendered":"https:\/\/wordpress.vecurosoft.com\/energiso\/?page_id=1175"},"modified":"2024-02-07T13:24:02","modified_gmt":"2024-02-07T18:24:02","slug":"service","status":"publish","type":"page","link":"https:\/\/metecpower.com\/index.php\/service\/","title":{"rendered":"Servicios"},"content":{"rendered":"\t\t<div data-elementor-type=\"wp-page\" data-elementor-id=\"1175\" class=\"elementor elementor-1175\">\n\t\t\t\t\t\t<section class=\"elementor-section elementor-top-section elementor-element elementor-element-820210e elementor-section-full_width elementor-section-height-default elementor-section-height-default\" data-id=\"820210e\" data-element_type=\"section\" data-e-type=\"section\">\n\t\t\t\t\t\t<div class=\"elementor-container elementor-column-gap-no\">\n\t\t\t\t\t<div class=\"elementor-column elementor-col-100 elementor-top-column elementor-element elementor-element-d5f0e44\" data-id=\"d5f0e44\" data-element_type=\"column\" data-e-type=\"column\">\n\t\t\t<div class=\"elementor-widget-wrap elementor-element-populated\">\n\t\t\t\t\t\t<section class=\"elementor-section elementor-inner-section elementor-element elementor-element-0b4cf93 elementor-section-full_width elementor-section-height-default elementor-section-height-default\" data-id=\"0b4cf93\" data-element_type=\"section\" data-e-type=\"section\">\n\t\t\t\t\t\t<div class=\"elementor-container elementor-column-gap-no\">\n\t\t\t\t\t<div class=\"elementor-column elementor-col-100 elementor-inner-column elementor-element elementor-element-ac31cf5\" data-id=\"ac31cf5\" data-element_type=\"column\" data-e-type=\"column\">\n\t\t\t<div class=\"elementor-widget-wrap elementor-element-populated\">\n\t\t\t\t\t\t<div class=\"elementor-element elementor-element-2510f67 elementor-widget elementor-widget-energisoaboutmedia\" data-id=\"2510f67\" data-element_type=\"widget\" data-e-type=\"widget\" data-widget_type=\"energisoaboutmedia.default\">\n\t\t\t\t<div class=\"elementor-widget-container\">\n\t\t\t\t\t<section class=\"about-media-wrapper\"><div class=\"container-xl\"><div class=\"row gx-0\"><div class=\"col-md-6 col-lg-4 feature-style2 \"><div class=\"feature-body\"><div class=\"feature-icon\"><img decoding=\"async\" src=\"https:\/\/wordpress.vecurosoft.com\/energiso\/wp-content\/uploads\/2022\/10\/sr-1-1-1.png\" alt=\"sr 1 1 1\"  \/><\/div><h3 class=\"feature-title h5\"><a class=\"text-inherit\" href=\"https:\/index.php\/contact\/\">Producci\u00f3n de Hidr\u00f3geno Verde<\/a><\/h3><p class=\"feature-text\">Innovamos con la generaci\u00f3n de hidr\u00f3geno verde, impulsando proyectos que van m\u00e1s all\u00e1 de la energ\u00eda solar para un futuro m\u00e1s limpio y renovable.<\/p><\/div><\/div><div class=\"col-md-6 col-lg-4 feature-style2 \"><div class=\"feature-body\"><div class=\"feature-icon\"><img decoding=\"async\" src=\"https:\/\/wordpress.vecurosoft.com\/energiso\/wp-content\/uploads\/2022\/10\/sr-1-2-1.png\" alt=\"sr 1 2 1\"  \/><\/div><h3 class=\"feature-title h5\"><a class=\"text-inherit\" href=\"https:\/index.php\/contact\/\">Dise\u00f1o y Implementaci\u00f3n de Sistemas Fotovoltaicos<\/a><\/h3><p class=\"feature-text\">Convierte la luz del sol en energ\u00eda tangible con nuestros sistemas fotovoltaicos dise\u00f1ados a medida para eficiencia y sostenibilidad m\u00e1ximas.<\/p><\/div><\/div><div class=\"col-md-6 col-lg-4 feature-style2 \"><div class=\"feature-body\"><div class=\"feature-icon\"><img decoding=\"async\" src=\"https:\/\/wordpress.vecurosoft.com\/energiso\/wp-content\/uploads\/2022\/10\/sr-1-3-1.png\" alt=\"sr 1 3 1\"  \/><\/div><h3 class=\"feature-title h5\"><a class=\"text-inherit\" href=\"https:\/index.php\/contact\/\">Gesti\u00f3n Integral de Proyectos No Convencionales<\/a><\/h3><p class=\"feature-text\">Desde la concepci\u00f3n hasta la realidad, lideramos la gesti\u00f3n de proyectos no convencionales con experiencia y compromiso, asegurando un camino sin contratiempos hacia un ma\u00f1ana m\u00e1s sostenible.<\/p><\/div><\/div><div class=\"col-md-6 col-lg-4 feature-style2 \"><div class=\"feature-body\"><div class=\"feature-icon\"><img decoding=\"async\" src=\"https:\/\/wordpress.vecurosoft.com\/energiso\/wp-content\/uploads\/2022\/10\/sr-1-4-1.png\" alt=\"sr 1 4 1\"  \/><\/div><h3 class=\"feature-title h5\"><a class=\"text-inherit\" href=\"https:\/index.php\/contact\/\">Soluciones Personalizadas\n<\/a><\/h3><p class=\"feature-text\">Cada proyecto es \u00fanico. Nuestras soluciones personalizadas integran la potencia del sol y la innovaci\u00f3n del hidr\u00f3geno verde para satisfacer tus necesidades espec\u00edficas y superar expectativas.<\/p><\/div><\/div><div class=\"col-md-6 col-lg-4 feature-style2 \"><div class=\"feature-body\"><div class=\"feature-icon\"><img decoding=\"async\" src=\"https:\/\/wordpress.vecurosoft.com\/energiso\/wp-content\/uploads\/2022\/10\/sr-1-5-1.png\" alt=\"sr 1 5 1\"  \/><\/div><h3 class=\"feature-title h5\"><a class=\"text-inherit\" href=\"https:\/index.php\/contact\/\">Eficiencia Energ\u00e9tica y Sostenibilidad<\/a><\/h3><p class=\"feature-text\">No solo generamos energ\u00eda, creamos eficiencia y sostenibilidad. Enfocados en un impacto positivo a largo plazo, nuestras soluciones van m\u00e1s all\u00e1 para construir un futuro energ\u00e9tico m\u00e1s equitativo y responsable.<\/p><\/div><\/div><\/div><\/div><\/section>\t\t\t\t<\/div>\n\t\t\t\t<\/div>\n\t\t\t\t\t<\/div>\n\t\t<\/div>\n\t\t\t\t\t<\/div>\n\t\t<\/section>\n\t\t\t\t\t<\/div>\n\t\t<\/div>\n\t\t\t\t\t<\/div>\n\t\t<\/section>\n\t\t\t\t<\/div>\n\t\t","protected":false},"excerpt":{"rendered":"<p>Producci\u00f3n de Hidr\u00f3geno Verde Innovamos con la generaci\u00f3n de hidr\u00f3geno verde, impulsando proyectos que van m\u00e1s all\u00e1 de la energ\u00eda solar para un futuro m\u00e1s limpio y renovable. Dise\u00f1o y Implementaci\u00f3n de Sistemas Fotovoltaicos Convierte la luz del sol en energ\u00eda tangible con nuestros sistemas fotovoltaicos dise\u00f1ados a medida para eficiencia y sostenibilidad m\u00e1ximas. Gesti\u00f3n&#8230;<\/p>\n","protected":false},"author":1,"featured_media":0,"parent":0,"menu_order":0,"comment_status":"closed","ping_status":"closed","template":"template-builder.php","meta":{"footnotes":""},"class_list":["post-1175","page","type-page","status-publish","hentry"],"aioseo_notices":[],"_links":{"self":[{"href":"https:\/\/metecpower.com\/index.php\/wp-json\/wp\/v2\/pages\/1175","targetHints":{"allow":["GET"]}}],"collection":[{"href":"https:\/\/metecpower.com\/index.php\/wp-json\/wp\/v2\/pages"}],"about":[{"href":"https:\/\/metecpower.com\/index.php\/wp-json\/wp\/v2\/types\/page"}],"author":[{"embeddable":true,"href":"https:\/\/metecpower.com\/index.php\/wp-json\/wp\/v2\/users\/1"}],"replies":[{"embeddable":true,"href":"https:\/\/metecpower.com\/index.php\/wp-json\/wp\/v2\/comments?post=1175"}],"version-history":[{"count":19,"href":"https:\/\/metecpower.com\/index.php\/wp-json\/wp\/v2\/pages\/1175\/revisions"}],"predecessor-version":[{"id":2261,"href":"https:\/\/metecpower.com\/index.php\/wp-json\/wp\/v2\/pages\/1175\/revisions\/2261"}],"wp:attachment":[{"href":"https:\/\/metecpower.com\/index.php\/wp-json\/wp\/v2\/media?parent=1175"}],"curies":[{"name":"wp","href":"https:\/\/api.w.org\/{rel}","templated":true}]}}