{"id":46,"date":"2022-10-13T11:23:39","date_gmt":"2022-10-13T09:23:39","guid":{"rendered":"https:\/\/wordpress.vecurosoft.com\/energiso\/?page_id=46"},"modified":"2025-01-29T09:50:44","modified_gmt":"2025-01-29T14:50:44","slug":"about-us","status":"publish","type":"page","link":"https:\/\/metecpower.com\/index.php\/about-us\/","title":{"rendered":"Sobre Nosotros"},"content":{"rendered":"\t\t<div data-elementor-type=\"wp-page\" data-elementor-id=\"46\" class=\"elementor elementor-46\">\n\t\t\t\t\t\t<section class=\"elementor-section elementor-top-section elementor-element elementor-element-372284c elementor-section-full_width elementor-section-height-default elementor-section-height-default\" data-id=\"372284c\" data-element_type=\"section\" data-e-type=\"section\">\n\t\t\t\t\t\t<div class=\"elementor-container elementor-column-gap-no\">\n\t\t\t\t\t<div class=\"elementor-column elementor-col-100 elementor-top-column elementor-element elementor-element-7376922\" data-id=\"7376922\" data-element_type=\"column\" data-e-type=\"column\">\n\t\t\t<div class=\"elementor-widget-wrap elementor-element-populated\">\n\t\t\t\t\t\t<section class=\"elementor-section elementor-inner-section elementor-element elementor-element-fdf6c37 elementor-section-boxed elementor-section-height-default elementor-section-height-default\" data-id=\"fdf6c37\" data-element_type=\"section\" data-e-type=\"section\">\n\t\t\t\t\t\t<div class=\"elementor-container elementor-column-gap-no\">\n\t\t\t\t\t<div class=\"elementor-column elementor-col-33 elementor-inner-column elementor-element elementor-element-56d8ffb order-1 order-xl-1\" data-id=\"56d8ffb\" data-element_type=\"column\" data-e-type=\"column\">\n\t\t\t<div class=\"elementor-widget-wrap elementor-element-populated\">\n\t\t\t\t\t\t<div class=\"elementor-element elementor-element-c43db8d elementor-widget elementor-widget-energisosectiontitle\" data-id=\"c43db8d\" data-element_type=\"widget\" data-e-type=\"widget\" data-widget_type=\"energisosectiontitle.default\">\n\t\t\t\t<div class=\"elementor-widget-container\">\n\t\t\t\t\t<!-- Section Title --><div class=\"title-area\" ><h2 class=\"sec-subtitle subtitle-selector\">Nuestra Compa\u00f1ia<\/h2><h3 class=\"sec-title title-selector h1\">MeCONVERGENT POWER<\/h3><p class=\"desc\">\"Transformamos la energia del sol y frescura del agua con la creatividad en proyectos que no solo generan energia electrica, sino que construyen un mana\u00f1a sostenible y autosuficiente.\"<\/p><\/div><!-- End Section Title -->\t\t\t\t<\/div>\n\t\t\t\t<\/div>\n\t\t\t\t<div class=\"elementor-element elementor-element-ad04ca7 elementor-widget elementor-widget-energisosectiontitle\" data-id=\"ad04ca7\" data-element_type=\"widget\" data-e-type=\"widget\" data-widget_type=\"energisosectiontitle.default\">\n\t\t\t\t<div class=\"elementor-widget-container\">\n\t\t\t\t\t<!-- Section Title --><div class=\"title-area\" ><h3 class=\"sec-title title-selector h1\">Mauricio Echavarria<\/h3><p class=\"desc\">CEO @ MeTeC<\/p><\/div><!-- End Section Title -->\t\t\t\t<\/div>\n\t\t\t\t<\/div>\n\t\t\t\t<div class=\"elementor-element elementor-element-e3c24f1 elementor-widget elementor-widget-energisoimage\" data-id=\"e3c24f1\" data-element_type=\"widget\" data-e-type=\"widget\" data-widget_type=\"energisoimage.default\">\n\t\t\t\t<div class=\"elementor-widget-container\">\n\t\t\t\t\t<!-- Advertisement Image --><div class=\"energiso_img \"><img decoding=\"async\" class=\"\" src=\"https:\/\/metecpower.com\/wp-content\/uploads\/2024\/02\/Imagen-de-WhatsApp-2024-02-06-a-las-16.44.51_97b028a6.png\" alt=\"Imagen de WhatsApp 2024 02 06 a las 16.44.51_97b028a6\" ><\/div><!-- End Advertisement Image -->\t\t\t\t<\/div>\n\t\t\t\t<\/div>\n\t\t\t\t\t<\/div>\n\t\t<\/div>\n\t\t\t\t<div class=\"elementor-column elementor-col-33 elementor-inner-column elementor-element elementor-element-7680a16 order-1 order-xl-1\" data-id=\"7680a16\" data-element_type=\"column\" data-e-type=\"column\">\n\t\t\t<div class=\"elementor-widget-wrap\">\n\t\t\t\t\t\t\t<\/div>\n\t\t<\/div>\n\t\t\t\t<div class=\"elementor-column elementor-col-33 elementor-inner-column elementor-element elementor-element-afaa851 order-1 order-xl-1\" data-id=\"afaa851\" data-element_type=\"column\" data-e-type=\"column\">\n\t\t\t<div class=\"elementor-widget-wrap elementor-element-populated\">\n\t\t\t\t\t\t<div class=\"elementor-element elementor-element-c81eec1 elementor-view-default elementor-position-block-start elementor-mobile-position-block-start elementor-widget elementor-widget-icon-box\" data-id=\"c81eec1\" data-element_type=\"widget\" data-e-type=\"widget\" data-widget_type=\"icon-box.default\">\n\t\t\t\t<div class=\"elementor-widget-container\">\n\t\t\t\t\t\t\t<div class=\"elementor-icon-box-wrapper\">\n\n\t\t\t\t\t\t<div class=\"elementor-icon-box-icon\">\n\t\t\t\t<span  class=\"elementor-icon\">\n\t\t\t\t<svg aria-hidden=\"true\" class=\"e-font-icon-svg e-fab-canadian-maple-leaf\" viewBox=\"0 0 512 512\" xmlns=\"http:\/\/www.w3.org\/2000\/svg\"><path d=\"M383.8 351.7c2.5-2.5 105.2-92.4 105.2-92.4l-17.5-7.5c-10-4.9-7.4-11.5-5-17.4 2.4-7.6 20.1-67.3 20.1-67.3s-47.7 10-57.7 12.5c-7.5 2.4-10-2.5-12.5-7.5s-15-32.4-15-32.4-52.6 59.9-55.1 62.3c-10 7.5-20.1 0-17.6-10 0-10 27.6-129.6 27.6-129.6s-30.1 17.4-40.1 22.4c-7.5 5-12.6 5-17.6-5C293.5 72.3 255.9 0 255.9 0s-37.5 72.3-42.5 79.8c-5 10-10 10-17.6 5-10-5-40.1-22.4-40.1-22.4S183.3 182 183.3 192c2.5 10-7.5 17.5-17.6 10-2.5-2.5-55.1-62.3-55.1-62.3S98.1 167 95.6 172s-5 9.9-12.5 7.5C73 177 25.4 167 25.4 167s17.6 59.7 20.1 67.3c2.4 6 5 12.5-5 17.4L23 259.3s102.6 89.9 105.2 92.4c5.1 5 10 7.5 5.1 22.5-5.1 15-10.1 35.1-10.1 35.1s95.2-20.1 105.3-22.6c8.7-.9 18.3 2.5 18.3 12.5S241 512 241 512h30s-5.8-102.7-5.8-112.8 9.5-13.4 18.4-12.5c10 2.5 105.2 22.6 105.2 22.6s-5-20.1-10-35.1 0-17.5 5-22.5z\"><\/path><\/svg>\t\t\t\t<\/span>\n\t\t\t<\/div>\n\t\t\t\n\t\t\t\t\t\t<div class=\"elementor-icon-box-content\">\n\n\t\t\t\t\t\t\t\t\t<h3 class=\"elementor-icon-box-title\">\n\t\t\t\t\t\t<span  >\n\t\t\t\t\t\t\tSostenible\t\t\t\t\t\t<\/span>\n\t\t\t\t\t<\/h3>\n\t\t\t\t\n\t\t\t\t\t\t\t\t\t<p class=\"elementor-icon-box-description\">\n\t\t\t\t\t\tTodos nuestros proyectos est\u00e1n dise\u00f1ados para ser completamente sostenibles, contribuyendo al 100% en la reducci\u00f3n de emisiones de carbono y promoviendo un entorno m\u00e1s limpio.\t\t\t\t\t<\/p>\n\t\t\t\t\n\t\t\t<\/div>\n\t\t\t\n\t\t<\/div>\n\t\t\t\t\t\t<\/div>\n\t\t\t\t<\/div>\n\t\t\t\t<div class=\"elementor-element elementor-element-c692eca elementor-view-default elementor-position-block-start elementor-mobile-position-block-start elementor-widget elementor-widget-icon-box\" data-id=\"c692eca\" data-element_type=\"widget\" data-e-type=\"widget\" data-widget_type=\"icon-box.default\">\n\t\t\t\t<div class=\"elementor-widget-container\">\n\t\t\t\t\t\t\t<div class=\"elementor-icon-box-wrapper\">\n\n\t\t\t\t\t\t<div class=\"elementor-icon-box-icon\">\n\t\t\t\t<span  class=\"elementor-icon\">\n\t\t\t\t<svg aria-hidden=\"true\" class=\"e-font-icon-svg e-far-sun\" viewBox=\"0 0 512 512\" xmlns=\"http:\/\/www.w3.org\/2000\/svg\"><path d=\"M494.2 221.9l-59.8-40.5 13.7-71c2.6-13.2-1.6-26.8-11.1-36.4-9.6-9.5-23.2-13.7-36.2-11.1l-70.9 13.7-40.4-59.9c-15.1-22.3-51.9-22.3-67 0l-40.4 59.9-70.8-13.7C98 60.4 84.5 64.5 75 74.1c-9.5 9.6-13.7 23.1-11.1 36.3l13.7 71-59.8 40.5C6.6 229.5 0 242 0 255.5s6.7 26 17.8 33.5l59.8 40.5-13.7 71c-2.6 13.2 1.6 26.8 11.1 36.3 9.5 9.5 22.9 13.7 36.3 11.1l70.8-13.7 40.4 59.9C230 505.3 242.6 512 256 512s26-6.7 33.5-17.8l40.4-59.9 70.9 13.7c13.4 2.7 26.8-1.6 36.3-11.1 9.5-9.5 13.6-23.1 11.1-36.3l-13.7-71 59.8-40.5c11.1-7.5 17.8-20.1 17.8-33.5-.1-13.6-6.7-26.1-17.9-33.7zm-112.9 85.6l17.6 91.2-91-17.6L256 458l-51.9-77-90.9 17.6 17.6-91.2-76.8-52 76.8-52-17.6-91.2 91 17.6L256 53l51.9 76.9 91-17.6-17.6 91.1 76.8 52-76.8 52.1zM256 152c-57.3 0-104 46.7-104 104s46.7 104 104 104 104-46.7 104-104-46.7-104-104-104zm0 160c-30.9 0-56-25.1-56-56s25.1-56 56-56 56 25.1 56 56-25.1 56-56 56z\"><\/path><\/svg>\t\t\t\t<\/span>\n\t\t\t<\/div>\n\t\t\t\n\t\t\t\t\t\t<div class=\"elementor-icon-box-content\">\n\n\t\t\t\t\t\t\t\t\t<h3 class=\"elementor-icon-box-title\">\n\t\t\t\t\t\t<span  >\n\t\t\t\t\t\t\tReducci\u00f3n en Costos Operativos a Largo Plazo\t\t\t\t\t\t<\/span>\n\t\t\t\t\t<\/h3>\n\t\t\t\t\n\t\t\t\t\t\t\t\t\t<p class=\"elementor-icon-box-description\">\n\t\t\t\t\t\tLa implementaci\u00f3n de nuestras tecnolog\u00edas de vanguardia no solo impulsa la sostenibilidad, sino que tambi\u00e9n resulta en una reducci\u00f3n significativa del 50% en los costos operativos a lo largo de la vida \u00fatil de los proyectos, ofreciendo beneficios econ\u00f3micos duraderos.\t\t\t\t\t<\/p>\n\t\t\t\t\n\t\t\t<\/div>\n\t\t\t\n\t\t<\/div>\n\t\t\t\t\t\t<\/div>\n\t\t\t\t<\/div>\n\t\t\t\t<div class=\"elementor-element elementor-element-28f9c82 elementor-view-default elementor-position-block-start elementor-mobile-position-block-start elementor-widget elementor-widget-icon-box\" data-id=\"28f9c82\" data-element_type=\"widget\" data-e-type=\"widget\" data-widget_type=\"icon-box.default\">\n\t\t\t\t<div class=\"elementor-widget-container\">\n\t\t\t\t\t\t\t<div class=\"elementor-icon-box-wrapper\">\n\n\t\t\t\t\t\t<div class=\"elementor-icon-box-icon\">\n\t\t\t\t<span  class=\"elementor-icon\">\n\t\t\t\t<svg aria-hidden=\"true\" class=\"e-font-icon-svg e-fas-sort-amount-up\" viewBox=\"0 0 512 512\" xmlns=\"http:\/\/www.w3.org\/2000\/svg\"><path d=\"M304 416h-64a16 16 0 0 0-16 16v32a16 16 0 0 0 16 16h64a16 16 0 0 0 16-16v-32a16 16 0 0 0-16-16zM16 160h48v304a16 16 0 0 0 16 16h32a16 16 0 0 0 16-16V160h48c14.21 0 21.38-17.24 11.31-27.31l-80-96a16 16 0 0 0-22.62 0l-80 96C-5.35 142.74 1.77 160 16 160zm416 0H240a16 16 0 0 0-16 16v32a16 16 0 0 0 16 16h192a16 16 0 0 0 16-16v-32a16 16 0 0 0-16-16zm-64 128H240a16 16 0 0 0-16 16v32a16 16 0 0 0 16 16h128a16 16 0 0 0 16-16v-32a16 16 0 0 0-16-16zM496 32H240a16 16 0 0 0-16 16v32a16 16 0 0 0 16 16h256a16 16 0 0 0 16-16V48a16 16 0 0 0-16-16z\"><\/path><\/svg>\t\t\t\t<\/span>\n\t\t\t<\/div>\n\t\t\t\n\t\t\t\t\t\t<div class=\"elementor-icon-box-content\">\n\n\t\t\t\t\t\t\t\t\t<h3 class=\"elementor-icon-box-title\">\n\t\t\t\t\t\t<span  >\n\t\t\t\t\t\t\tAumento en Eficiencia Energ\u00e9tica\t\t\t\t\t\t<\/span>\n\t\t\t\t\t<\/h3>\n\t\t\t\t\n\t\t\t\t\t\t\t\t\t<p class=\"elementor-icon-box-description\">\n\t\t\t\t\t\tNuestras soluciones personalizadas no solo generan energ\u00eda, sino que tambi\u00e9n mejoran la eficiencia en un promedio del 30%, optimizando el uso de recursos y reduciendo costos a largo plazo\t\t\t\t\t<\/p>\n\t\t\t\t\n\t\t\t<\/div>\n\t\t\t\n\t\t<\/div>\n\t\t\t\t\t\t<\/div>\n\t\t\t\t<\/div>\n\t\t\t\t\t<\/div>\n\t\t<\/div>\n\t\t\t\t\t<\/div>\n\t\t<\/section>\n\t\t\t\t\t<\/div>\n\t\t<\/div>\n\t\t\t\t\t<\/div>\n\t\t<\/section>\n\t\t<div class=\"elementor-element elementor-element-7e27fb5 e-flex e-con-boxed e-con e-parent\" data-id=\"7e27fb5\" data-element_type=\"container\" data-e-type=\"container\">\n\t\t\t\t\t<div class=\"e-con-inner\">\n\t\t<div class=\"elementor-element elementor-element-c2e07bb e-con-full e-flex e-con e-child\" data-id=\"c2e07bb\" data-element_type=\"container\" data-e-type=\"container\">\n\t\t\t\t<div class=\"elementor-element elementor-element-6c913c1 elementor-widget elementor-widget-image\" data-id=\"6c913c1\" data-element_type=\"widget\" data-e-type=\"widget\" data-widget_type=\"image.default\">\n\t\t\t\t<div class=\"elementor-widget-container\">\n\t\t\t\t\t\t\t\t\t\t\t\t\t\t\t<img fetchpriority=\"high\" decoding=\"async\" width=\"751\" height=\"751\" src=\"https:\/\/metecpower.com\/wp-content\/uploads\/2022\/10\/Sin-titulo-2_Mesa-de-trabajo-1-1024x1024.png\" class=\"attachment-large size-large wp-image-2273\" alt=\"\" srcset=\"https:\/\/metecpower.com\/wp-content\/uploads\/2022\/10\/Sin-titulo-2_Mesa-de-trabajo-1-1024x1024.png 1024w, https:\/\/metecpower.com\/wp-content\/uploads\/2022\/10\/Sin-titulo-2_Mesa-de-trabajo-1-300x300.png 300w, https:\/\/metecpower.com\/wp-content\/uploads\/2022\/10\/Sin-titulo-2_Mesa-de-trabajo-1-150x150.png 150w, https:\/\/metecpower.com\/wp-content\/uploads\/2022\/10\/Sin-titulo-2_Mesa-de-trabajo-1-768x768.png 768w, https:\/\/metecpower.com\/wp-content\/uploads\/2022\/10\/Sin-titulo-2_Mesa-de-trabajo-1.png 1080w\" sizes=\"(max-width: 751px) 100vw, 751px\" \/>\t\t\t\t\t\t\t\t\t\t\t\t\t\t\t<\/div>\n\t\t\t\t<\/div>\n\t\t\t\t<\/div>\n\t\t<div class=\"elementor-element elementor-element-1d12234 e-con-full e-flex e-con e-child\" data-id=\"1d12234\" data-element_type=\"container\" data-e-type=\"container\">\n\t\t\t\t<div class=\"elementor-element elementor-element-54e2bd4 elementor-widget elementor-widget-text-editor\" data-id=\"54e2bd4\" data-element_type=\"widget\" data-e-type=\"widget\" data-widget_type=\"text-editor.default\">\n\t\t\t\t<div class=\"elementor-widget-container\">\n\t\t\t\t\t\t\t\t\t<p>En MeCONVERGENT POWER, nos destacamos como visionarios en la gerencia de proyectos de generaci\u00f3n de energ\u00edas no convencionales. Nuestro equipo de expertos lidera la vanguardia de la transici\u00f3n energ\u00e9tica, comprometido con la sostenibilidad y la eficiencia. Desde la energ\u00eda fotovoltaica hasta el hidr\u00f3geno verde, gestionamos proyectos con un enfoque integral, convirtiendo nuestra visi\u00f3n de un ma\u00f1ana m\u00e1s limpio en una realidad palpable.<\/p>\t\t\t\t\t\t\t\t<\/div>\n\t\t\t\t<\/div>\n\t\t\t\t<div class=\"elementor-element elementor-element-f88527b elementor-widget elementor-widget-image\" data-id=\"f88527b\" data-element_type=\"widget\" data-e-type=\"widget\" data-widget_type=\"image.default\">\n\t\t\t\t<div class=\"elementor-widget-container\">\n\t\t\t\t\t\t\t\t\t\t\t\t\t\t\t<img decoding=\"async\" width=\"751\" height=\"501\" src=\"https:\/\/metecpower.com\/wp-content\/uploads\/2024\/01\/Hydrogen-1-1024x683.jpg\" class=\"attachment-large size-large wp-image-2108\" alt=\"\" srcset=\"https:\/\/metecpower.com\/wp-content\/uploads\/2024\/01\/Hydrogen-1-1024x683.jpg 1024w, https:\/\/metecpower.com\/wp-content\/uploads\/2024\/01\/Hydrogen-1-300x200.jpg 300w, https:\/\/metecpower.com\/wp-content\/uploads\/2024\/01\/Hydrogen-1-768x512.jpg 768w, https:\/\/metecpower.com\/wp-content\/uploads\/2024\/01\/Hydrogen-1-600x400.jpg 600w, https:\/\/metecpower.com\/wp-content\/uploads\/2024\/01\/Hydrogen-1.jpg 1050w\" sizes=\"(max-width: 751px) 100vw, 751px\" \/>\t\t\t\t\t\t\t\t\t\t\t\t\t\t\t<\/div>\n\t\t\t\t<\/div>\n\t\t\t\t<\/div>\n\t\t\t\t\t<\/div>\n\t\t\t\t<\/div>\n\t\t<div class=\"elementor-element elementor-element-ce97f8e e-flex e-con-boxed e-con e-parent\" data-id=\"ce97f8e\" data-element_type=\"container\" data-e-type=\"container\">\n\t\t\t\t\t<div class=\"e-con-inner\">\n\t\t\t\t<div class=\"elementor-element elementor-element-937ae6f elementor-widget elementor-widget-heading\" data-id=\"937ae6f\" data-element_type=\"widget\" data-e-type=\"widget\" data-widget_type=\"heading.default\">\n\t\t\t\t<div class=\"elementor-widget-container\">\n\t\t\t\t\t<h2 class=\"elementor-heading-title elementor-size-default\">Nuestro Equipo<\/h2>\t\t\t\t<\/div>\n\t\t\t\t<\/div>\n\t\t\t\t\t<\/div>\n\t\t\t\t<\/div>\n\t\t<div class=\"elementor-element elementor-element-cf1842f e-flex e-con-boxed e-con e-parent\" data-id=\"cf1842f\" data-element_type=\"container\" data-e-type=\"container\">\n\t\t\t\t\t<div class=\"e-con-inner\">\n\t\t<div class=\"elementor-element elementor-element-255f56f e-con-full e-flex e-con e-child\" data-id=\"255f56f\" data-element_type=\"container\" data-e-type=\"container\">\n\t\t\t\t<div class=\"elementor-element elementor-element-f4396b1 elementor-widget elementor-widget-image\" data-id=\"f4396b1\" data-element_type=\"widget\" data-e-type=\"widget\" data-widget_type=\"image.default\">\n\t\t\t\t<div class=\"elementor-widget-container\">\n\t\t\t\t\t\t\t\t\t\t\t\t\t\t\t<img decoding=\"async\" width=\"751\" height=\"920\" src=\"https:\/\/metecpower.com\/wp-content\/uploads\/2024\/02\/Imagen-de-WhatsApp-2024-02-06-a-las-16.23.03_f32912fb-836x1024.jpg\" class=\"attachment-large size-large wp-image-2224\" alt=\"\" srcset=\"https:\/\/metecpower.com\/wp-content\/uploads\/2024\/02\/Imagen-de-WhatsApp-2024-02-06-a-las-16.23.03_f32912fb-836x1024.jpg 836w, https:\/\/metecpower.com\/wp-content\/uploads\/2024\/02\/Imagen-de-WhatsApp-2024-02-06-a-las-16.23.03_f32912fb-245x300.jpg 245w, https:\/\/metecpower.com\/wp-content\/uploads\/2024\/02\/Imagen-de-WhatsApp-2024-02-06-a-las-16.23.03_f32912fb-768x941.jpg 768w, https:\/\/metecpower.com\/wp-content\/uploads\/2024\/02\/Imagen-de-WhatsApp-2024-02-06-a-las-16.23.03_f32912fb.jpg 1045w\" sizes=\"(max-width: 751px) 100vw, 751px\" \/>\t\t\t\t\t\t\t\t\t\t\t\t\t\t\t<\/div>\n\t\t\t\t<\/div>\n\t\t\t\t<div class=\"elementor-element elementor-element-4314e85 elementor-widget elementor-widget-text-editor\" data-id=\"4314e85\" data-element_type=\"widget\" data-e-type=\"widget\" data-widget_type=\"text-editor.default\">\n\t\t\t\t<div class=\"elementor-widget-container\">\n\t\t\t\t\t\t\t\t\t<p><strong>MAURICIO ECHAVARRIA\u00a0<\/strong><\/p><p><span style=\"color: #008000;\"><strong>Gerente &amp; Fundador de M.E. Tecnologias Convergentes SAS<\/strong><\/span><\/p><p>&#8220;Ingeniero industrial altamente capacitado con m\u00e1s de 4 a\u00f1os de experiencia, especializado en la investigaci\u00f3n e implementaci\u00f3n de soluciones innovadoras en el campo de la generaci\u00f3n de energ\u00edas no convencionales. Con estudios realizados en Canad\u00e1, he adquirido una perspectiva internacional y una s\u00f3lida formaci\u00f3n en las \u00faltimas tecnolog\u00edas y mejores pr\u00e1cticas en energ\u00eda renovable. Bas\u00e1ndome en mi experiencia y conocimiento, he decidido fundar la empresa ME Tecnolog\u00edas Convergentes SAS en Colombia. Adem\u00e1s, cuento con experiencia en el desarrollo de software para la optimizaci\u00f3n de procesos en las empresas a trav\u00e9s de la creaci\u00f3n de plataformas de CRM. Mi trayectoria profesional se ha centrado en el desarrollo y ejecuci\u00f3n de proyectos que aprovechan fuentes renovables como la energ\u00eda fotovoltaica y el hidr\u00f3geno verde. He liderado equipos multidisciplinarios para dise\u00f1ar e implementar soluciones energ\u00e9ticas sostenibles, contribuyendo as\u00ed a reducir la dependencia de combustibles f\u00f3siles y a impulsar la transici\u00f3n hacia un futuro m\u00e1s limpio y sostenible. Mi compromiso con la innovaci\u00f3n y la excelencia t\u00e9cnica me ha permitido obtener resultados tangibles y significativos en el campo de la energ\u00eda, demostrando mi capacidad para enfrentar desaf\u00edos complejos y encontrar soluciones eficientes y efectivas.&#8221;<\/p>\t\t\t\t\t\t\t\t<\/div>\n\t\t\t\t<\/div>\n\t\t\t\t<div class=\"elementor-element elementor-element-2c9f74d elementor-shape-rounded elementor-grid-0 e-grid-align-center elementor-widget elementor-widget-social-icons\" data-id=\"2c9f74d\" data-element_type=\"widget\" data-e-type=\"widget\" data-widget_type=\"social-icons.default\">\n\t\t\t\t<div class=\"elementor-widget-container\">\n\t\t\t\t\t\t\t<div class=\"elementor-social-icons-wrapper elementor-grid\">\n\t\t\t\t\t\t\t<span class=\"elementor-grid-item\">\n\t\t\t\t\t<a class=\"elementor-icon elementor-social-icon elementor-social-icon-linkedin elementor-repeater-item-a012f2f\" href=\"https:\/\/www.linkedin.com\/in\/mauricio-echavarria-6b59a211?lipi=urn%3Ali%3Apage%3Ad_flagship3_profile_view_base_contact_details%3BsNiqe3ZzT%2Be5OgPznafFSQ%3D%3D\" target=\"_blank\">\n\t\t\t\t\t\t<span class=\"elementor-screen-only\">Linkedin<\/span>\n\t\t\t\t\t\t<svg aria-hidden=\"true\" class=\"e-font-icon-svg e-fab-linkedin\" viewBox=\"0 0 448 512\" xmlns=\"http:\/\/www.w3.org\/2000\/svg\"><path d=\"M416 32H31.9C14.3 32 0 46.5 0 64.3v383.4C0 465.5 14.3 480 31.9 480H416c17.6 0 32-14.5 32-32.3V64.3c0-17.8-14.4-32.3-32-32.3zM135.4 416H69V202.2h66.5V416zm-33.2-243c-21.3 0-38.5-17.3-38.5-38.5S80.9 96 102.2 96c21.2 0 38.5 17.3 38.5 38.5 0 21.3-17.2 38.5-38.5 38.5zm282.1 243h-66.4V312c0-24.8-.5-56.7-34.5-56.7-34.6 0-39.9 27-39.9 54.9V416h-66.4V202.2h63.7v29.2h.9c8.9-16.8 30.6-34.5 62.9-34.5 67.2 0 79.7 44.3 79.7 101.9V416z\"><\/path><\/svg>\t\t\t\t\t<\/a>\n\t\t\t\t<\/span>\n\t\t\t\t\t<\/div>\n\t\t\t\t\t\t<\/div>\n\t\t\t\t<\/div>\n\t\t\t\t<\/div>\n\t\t<div class=\"elementor-element elementor-element-e965fe0 e-con-full e-flex e-con e-child\" data-id=\"e965fe0\" data-element_type=\"container\" data-e-type=\"container\">\n\t\t\t\t<div class=\"elementor-element elementor-element-be2569a elementor-widget elementor-widget-image\" data-id=\"be2569a\" data-element_type=\"widget\" data-e-type=\"widget\" data-widget_type=\"image.default\">\n\t\t\t\t<div class=\"elementor-widget-container\">\n\t\t\t\t\t\t\t\t\t\t\t\t\t\t\t<img loading=\"lazy\" decoding=\"async\" width=\"374\" height=\"374\" src=\"https:\/\/metecpower.com\/wp-content\/uploads\/2024\/02\/1516525631150.jpeg\" class=\"attachment-large size-large wp-image-2234\" alt=\"\" srcset=\"https:\/\/metecpower.com\/wp-content\/uploads\/2024\/02\/1516525631150.jpeg 374w, https:\/\/metecpower.com\/wp-content\/uploads\/2024\/02\/1516525631150-300x300.jpeg 300w, https:\/\/metecpower.com\/wp-content\/uploads\/2024\/02\/1516525631150-150x150.jpeg 150w\" sizes=\"(max-width: 374px) 100vw, 374px\" \/>\t\t\t\t\t\t\t\t\t\t\t\t\t\t\t<\/div>\n\t\t\t\t<\/div>\n\t\t\t\t<div class=\"elementor-element elementor-element-7a1d270 elementor-widget elementor-widget-text-editor\" data-id=\"7a1d270\" data-element_type=\"widget\" data-e-type=\"widget\" data-widget_type=\"text-editor.default\">\n\t\t\t\t<div class=\"elementor-widget-container\">\n\t\t\t\t\t\t\t\t\t<p><strong>MAURICIO EDUARDO CABRA L\u00d3PEZ<\/strong><\/p>\n<p><span style=\"color: #008000;\"><strong>Director Adociado de Investigaci\u00f3n y Desarrollo<\/strong><\/span><\/p>\n<p><span lang=\"es\">Mauricio Eduardo Cabra L\u00f3pez es un Ingeniero Civil multidisciplinario y profesor experto en Desarrollo Sostenible, Aplicaciones de Ingenier\u00eda Ambiental y Gesti\u00f3n de Negocios Globales de Canad\u00e1 y Sudam\u00e9rica que act\u00faa como ejecutivo de Tecn\u00f3logo en Energ\u00edas Renovables a nivel CEO para el desarrollo de proyectos, con m\u00e1s de 12 a\u00f1os de experiencia progresiva en el r\u00e1pido crecimiento sostenible internacional de naciones, regiones y comunidades que sufren pobreza el\u00e9ctrica.&nbsp;<\/span><span lang=\"es\">Es el Director Ejecutivo (CEO) y propietario de&nbsp;<a href=\"https:\/\/magnagreen.ca\/\">Magnagreen.ca<\/a>&nbsp;una empresa con sede en Kitchener, Ontario, Canad\u00e1, que brinda soluciones de producci\u00f3n de energ\u00eda renovable con nuevas tecnolog\u00edas como el Hidr\u00f3geno Verde para clientes en \u00e1reas donde el suministro de electricidad no es confiable, es el Director Ejecutivo de&nbsp;<a href=\"https:\/\/midascanada.wordpress.com\/\">MGCanadaMIDAS<\/a>, una incubadora creada para empoderar a los emprendedores hispanos y freelancers de Iberoam\u00e9rica en la econom\u00eda del futuro y l\u00edder de&nbsp;<a href=\"https:\/\/magnagreen.ca\/magna-foundation\">Magna Green Foundation<\/a>&nbsp;<\/span><span lang=\"es\">de Canad\u00e1, creado para apoyar la pobreza energ\u00e9tica en los pa\u00edses en desarrollo de Am\u00e9rica Latina y el Caribe, y miembro de la junta ejecutiva de &#8220;Hraesvelgr&nbsp;<a href=\"https:\/\/mauriciocabralopez.wordpress.com\/\">South America Sustainable Development<\/a>&#8220;, el primer Sistema de Infraestructura Global Sostenible.&nbsp;<\/span><span lang=\"es\">Habla con fluidez espa\u00f1ol, ingl\u00e9s y franc\u00e9s, y entiende portugu\u00e9s e italiano.<\/span><\/p>\t\t\t\t\t\t\t\t<\/div>\n\t\t\t\t<\/div>\n\t\t\t\t<div class=\"elementor-element elementor-element-5a524a6 elementor-shape-rounded elementor-grid-0 e-grid-align-center elementor-widget elementor-widget-social-icons\" data-id=\"5a524a6\" data-element_type=\"widget\" data-e-type=\"widget\" data-widget_type=\"social-icons.default\">\n\t\t\t\t<div class=\"elementor-widget-container\">\n\t\t\t\t\t\t\t<div class=\"elementor-social-icons-wrapper elementor-grid\">\n\t\t\t\t\t\t\t<span class=\"elementor-grid-item\">\n\t\t\t\t\t<a class=\"elementor-icon elementor-social-icon elementor-social-icon-linkedin elementor-repeater-item-a012f2f\" href=\"https:\/\/www.linkedin.com\/in\/mauriciocabra?utm_source=share&#038;utm_campaign=share_via&#038;utm_content=profile&#038;utm_medium=android_app\" target=\"_blank\">\n\t\t\t\t\t\t<span class=\"elementor-screen-only\">Linkedin<\/span>\n\t\t\t\t\t\t<svg aria-hidden=\"true\" class=\"e-font-icon-svg e-fab-linkedin\" viewBox=\"0 0 448 512\" xmlns=\"http:\/\/www.w3.org\/2000\/svg\"><path d=\"M416 32H31.9C14.3 32 0 46.5 0 64.3v383.4C0 465.5 14.3 480 31.9 480H416c17.6 0 32-14.5 32-32.3V64.3c0-17.8-14.4-32.3-32-32.3zM135.4 416H69V202.2h66.5V416zm-33.2-243c-21.3 0-38.5-17.3-38.5-38.5S80.9 96 102.2 96c21.2 0 38.5 17.3 38.5 38.5 0 21.3-17.2 38.5-38.5 38.5zm282.1 243h-66.4V312c0-24.8-.5-56.7-34.5-56.7-34.6 0-39.9 27-39.9 54.9V416h-66.4V202.2h63.7v29.2h.9c8.9-16.8 30.6-34.5 62.9-34.5 67.2 0 79.7 44.3 79.7 101.9V416z\"><\/path><\/svg>\t\t\t\t\t<\/a>\n\t\t\t\t<\/span>\n\t\t\t\t\t<\/div>\n\t\t\t\t\t\t<\/div>\n\t\t\t\t<\/div>\n\t\t\t\t<\/div>\n\t\t\t\t\t<\/div>\n\t\t\t\t<\/div>\n\t\t\t\t<\/div>\n\t\t","protected":false},"excerpt":{"rendered":"<p>Nuestra Compa\u00f1ia MeCONVERGENT POWER &#8220;Transformamos la energia del sol y frescura del agua con la creatividad en proyectos que no solo generan energia electrica, sino que construyen un mana\u00f1a sostenible y autosuficiente.&#8221; Mauricio Echavarria CEO @ MeTeC Sostenible Todos nuestros proyectos est\u00e1n dise\u00f1ados para ser completamente sostenibles, contribuyendo al 100% en la reducci\u00f3n de emisiones&#8230;<\/p>\n","protected":false},"author":1,"featured_media":0,"parent":0,"menu_order":0,"comment_status":"closed","ping_status":"closed","template":"template-builder.php","meta":{"footnotes":""},"class_list":["post-46","page","type-page","status-publish","hentry"],"aioseo_notices":[],"_links":{"self":[{"href":"https:\/\/metecpower.com\/index.php\/wp-json\/wp\/v2\/pages\/46","targetHints":{"allow":["GET"]}}],"collection":[{"href":"https:\/\/metecpower.com\/index.php\/wp-json\/wp\/v2\/pages"}],"about":[{"href":"https:\/\/metecpower.com\/index.php\/wp-json\/wp\/v2\/types\/page"}],"author":[{"embeddable":true,"href":"https:\/\/metecpower.com\/index.php\/wp-json\/wp\/v2\/users\/1"}],"replies":[{"embeddable":true,"href":"https:\/\/metecpower.com\/index.php\/wp-json\/wp\/v2\/comments?post=46"}],"version-history":[{"count":58,"href":"https:\/\/metecpower.com\/index.php\/wp-json\/wp\/v2\/pages\/46\/revisions"}],"predecessor-version":[{"id":2278,"href":"https:\/\/metecpower.com\/index.php\/wp-json\/wp\/v2\/pages\/46\/revisions\/2278"}],"wp:attachment":[{"href":"https:\/\/metecpower.com\/index.php\/wp-json\/wp\/v2\/media?parent=46"}],"curies":[{"name":"wp","href":"https:\/\/api.w.org\/{rel}","templated":true}]}}